{"id":464,"date":"2019-01-12T18:02:09","date_gmt":"2019-01-12T17:02:09","guid":{"rendered":"https:\/\/www.voecklabruck.org\/WPVB\/?page_id=464"},"modified":"2021-07-19T20:45:25","modified_gmt":"2021-07-19T18:45:25","slug":"impressum-offenlegung","status":"publish","type":"page","link":"https:\/\/www.voecklabruck.org\/WPVB\/impressum-offenlegung\/","title":{"rendered":"Impressum &#038; Offenlegung"},"content":{"rendered":"\n<h3 class=\"wp-block-heading\">GEM\u00c4SS \u00a7\u00a7 24, 25 MEDIENG, INFORMATIONEN GEM \u00a7 5 ECG <br><\/h3>\n\n\n\n<h3 class=\"wp-block-heading\">HERAUSGEBERIN <\/h3>\n\n\n\n<p class=\"wp-block-paragraph\"><strong>Die Gr\u00fcnen V\u00f6cklabruck <\/strong><br>Oberer Buchleitenweg 4 <br>4840 V\u00f6cklabruck<br><\/p>\n\n\n\n<p class=\"wp-block-paragraph\">Sprecher: Stefan Hindinger<br><\/p>\n\n\n\n<p class=\"wp-block-paragraph\">Tel.: +43 664 4135015<br> Email: <a href=\"mailto:gruene@voecklabruck.org\">gruene@voecklabruck.org<\/a><\/p>\n\n\n\n<h3 class=\"wp-block-heading\">MEDIENINHABERIN<\/h3>\n\n\n\n<p class=\"wp-block-paragraph\"><strong>Die Gr\u00fcnen V\u00f6cklabruck <\/strong><br>Oberer Buchleitenweg 4 <br>4840 V\u00f6cklabruck <\/p>\n\n\n\n<p class=\"wp-block-paragraph\">Sprecher: Stefan Hindinger <\/p>\n\n\n\n<p class=\"wp-block-paragraph\">Verantwortlich f\u00fcr die Inhalte ist der <strong>Vorstand<\/strong> der Gemeindegruppe.<\/p>\n\n\n\n<h3 class=\"wp-block-heading\">Grundlegende Richtung: <\/h3>\n\n\n\n<p class=\"wp-block-paragraph\">Information der Gr\u00fcnen V\u00f6cklabruck \u00fcber das Gemeindegeschehen in V\u00f6cklabruck<\/p>\n\n\n\n<p class=\"wp-block-paragraph\"><a rel=\"noreferrer noopener\" aria-label=\"Das Grundsatzprogramm der Gr\u00fcnen O\u00d6 (\u00f6ffnet in neuem Tab)\" href=\"http:\/\/ooe.gruene.at\/partei\/parteiprogramm\" target=\"_blank\">Das Grundsatzprogramm der Gr\u00fcnen O\u00d6<\/a><a rel=\"noreferrer noopener\" aria-label=\" (\u00f6ffnet in neuem Tab)\" href=\"http:\/\/www.gruene.at\/partei\/programm\/parteiprogramm\" target=\"_blank\"><br>Das Grundsatzprogramm der Gr\u00fcnen<\/a><\/p>\n\n\n\n<p class=\"wp-block-paragraph\"> <\/p>\n\n\n\n<h3 class=\"wp-block-heading\">Medienrechtlicher Hinweis<\/h3>\n\n\n\n<p class=\"wp-block-paragraph\">Links auf Gr\u00fcne Subpages und andere Gr\u00fcne Seiten sind nur Wegweiser zu diesen Seiten. Die verlinkten Seiten stehen jeweils unter eigener inhaltlicher Verantwortung der einzelnen Bezirks- und Gemeindegruppen bzw. Teilorganisationen etc. und die Gr\u00fcnen V\u00f6cklabruck \u00fcbernehmen f\u00fcr die Inhalte dieser Subseiten bzw. Homepages ausdr\u00fccklich keine Haftung.<br>Links auf diese Websites sind selbstverst\u00e4ndlich erw\u00fcnscht.\u200b<\/p>\n\n\n\n<h3 class=\"wp-block-heading\">EU-Streitschlichtung<\/h3>\n\n\n\n<p class=\"wp-block-paragraph\">Angaben zur Online-Streitbeilegung: Verbraucher haben die M\u00f6glichkeit, Beschwerden an die OnlineStreitbeilegungsplattform der EU zu richten:&nbsp;<a href=\"https:\/\/ec.europa.eu\/consumers\/odr\/main\/index.cfm?event=main.home2.show&amp;lng=DE\">https:\/\/ec.europa.eu\/consumers\/odr\/main\/index.cfm?event=main.home2.show&amp;lng=DE<\/a>. Sie k\u00f6nnen allf\u00e4llige Beschwerden auch an die oben angegebene E-Mail-Adresse richten.<\/p>\n\n\n\n<h3 class=\"wp-block-heading\">Haftung f\u00fcr Inhalte dieser Webseite<\/h3>\n\n\n\n<p class=\"wp-block-paragraph\">Wir entwickeln die Inhalte dieser Webseite st\u00e4ndig weiter und bem\u00fchen uns korrekte und aktuelle Informationen bereitzustellen. Leider k\u00f6nnen wir keine Haftung f\u00fcr die Korrektheit aller Inhalte auf dieser Webseite \u00fcbernehmen, speziell f\u00fcr jene, die seitens Dritter bereitgestellt wird. Sollten Ihnen problematische oder rechtswidrige Inhalte auffallen, bitte wir Sie, uns umgehend zu kontaktieren. Sie finden die Kontaktdaten im Impressum.<\/p>\n\n\n\n<h3 class=\"wp-block-heading\">Haftung f\u00fcr Links auf dieser Webseite<\/h3>\n\n\n\n<p class=\"wp-block-paragraph\">Unsere Webseite enth\u00e4lt Links zu anderen Webseiten, f\u00fcr deren Inhalt wir nicht verantwortlich sind. Wenn Ihnen rechtswidrige Links auf unserer Webseite auffallen, bitten wir Sie uns zu kontaktieren. Sie finden die Kontaktdaten im Impressum.<\/p>\n\n\n\n<h3 class=\"wp-block-heading\">Urheberrechtshinweis<\/h3>\n\n\n\n<p class=\"wp-block-paragraph\">Alle Inhalte dieser Webseite (Bilder, Fotos, Texte, Videos) unterliegen dem Urheberrecht. Falls notwendig, werden wir die unerlaubte Nutzung von Teilen der Inhalte unserer Seite rechtlich verfolgen.<\/p>\n\n\n\n<h3 class=\"wp-block-heading\">Bildernachweis<\/h3>\n\n\n\n<p class=\"wp-block-paragraph\">Die Bilder, Fotos und Grafiken auf dieser Webseite sind urheberrechtlich gesch\u00fctzt.<\/p>\n\n\n\n<p class=\"wp-block-paragraph\">Die Bilderrechte liegen bei den folgenden Fotografen und Unternehmen:<\/p>\n\n\n\n<ul class=\"wp-block-list\"><li>Wenn angegeben:&nbsp; Name des Fotografen<\/li><li>Wenn nicht angegeben: Wolfgang Reisinger<\/li><\/ul>\n","protected":false},"excerpt":{"rendered":"<p>GEM\u00c4SS \u00a7\u00a7 24, 25 MEDIENG, INFORMATIONEN GEM \u00a7 5 ECG HERAUSGEBERIN Die Gr\u00fcnen V\u00f6cklabruck Oberer Buchleitenweg 4 4840 V\u00f6cklabruck Sprecher: Stefan Hindinger Tel.: +43 664 &#8230; <a title=\"Impressum &#038; Offenlegung\" class=\"read-more\" href=\"https:\/\/www.voecklabruck.org\/WPVB\/impressum-offenlegung\/\" aria-label=\"Mehr Informationen \u00fcber Impressum &#038; Offenlegung\">weiterlesen<\/a><\/p>\n","protected":false},"author":1,"featured_media":0,"parent":0,"menu_order":0,"comment_status":"closed","ping_status":"closed","template":"","meta":{"_crdt_document":"","advgb_blocks_editor_width":"","advgb_blocks_columns_visual_guide":"","_mc_calendar":[],"footnotes":""},"class_list":["post-464","page","type-page","status-publish"],"coauthors":[],"author_meta":{"author_link":"https:\/\/www.voecklabruck.org\/WPVB\/author\/wordpressadmin\/","display_name":"Redakteur"},"relative_dates":{"created":"Posted 7\u00a0Jahren ago","modified":"Updated 5\u00a0Jahren ago"},"absolute_dates":{"created":"Posted on 12. Januar 2019","modified":"Updated on 19. Juli 2021"},"absolute_dates_time":{"created":"Posted on 12. Januar 2019 18:02","modified":"Updated on 19. Juli 2021 20:45"},"featured_img_caption":"","featured_img":false,"series_order":"","_links":{"self":[{"href":"https:\/\/www.voecklabruck.org\/WPVB\/wp-json\/wp\/v2\/pages\/464","targetHints":{"allow":["GET"]}}],"collection":[{"href":"https:\/\/www.voecklabruck.org\/WPVB\/wp-json\/wp\/v2\/pages"}],"about":[{"href":"https:\/\/www.voecklabruck.org\/WPVB\/wp-json\/wp\/v2\/types\/page"}],"author":[{"embeddable":true,"href":"https:\/\/www.voecklabruck.org\/WPVB\/wp-json\/wp\/v2\/users\/1"}],"replies":[{"embeddable":true,"href":"https:\/\/www.voecklabruck.org\/WPVB\/wp-json\/wp\/v2\/comments?post=464"}],"version-history":[{"count":4,"href":"https:\/\/www.voecklabruck.org\/WPVB\/wp-json\/wp\/v2\/pages\/464\/revisions"}],"predecessor-version":[{"id":831,"href":"https:\/\/www.voecklabruck.org\/WPVB\/wp-json\/wp\/v2\/pages\/464\/revisions\/831"}],"wp:attachment":[{"href":"https:\/\/www.voecklabruck.org\/WPVB\/wp-json\/wp\/v2\/media?parent=464"}],"curies":[{"name":"wp","href":"https:\/\/api.w.org\/{rel}","templated":true}]}}